{"id":1200,"date":"2021-12-31T20:25:10","date_gmt":"2021-12-31T20:25:10","guid":{"rendered":"https:\/\/alexsoler.net\/?page_id=1200"},"modified":"2025-11-19T10:09:47","modified_gmt":"2025-11-19T09:09:47","slug":"blog","status":"publish","type":"page","link":"https:\/\/alexsoler.net\/ca\/blog\/","title":{"rendered":"Blog"},"content":{"rendered":"<div data-elementor-type=\"wp-page\" data-elementor-id=\"1200\" class=\"elementor elementor-1200\">\n\t\t\t\t\t\t<section class=\"elementor-section elementor-top-section elementor-element elementor-element-29c3577 elementor-section-height-min-height elementor-section-stretched elementor-section-boxed elementor-section-height-default elementor-section-items-middle\" data-id=\"29c3577\" data-element_type=\"section\" data-e-type=\"section\" data-settings=\"{&quot;stretch_section&quot;:&quot;section-stretched&quot;,&quot;background_background&quot;:&quot;classic&quot;}\">\n\t\t\t\t\t\t\t<div class=\"elementor-background-overlay\"><\/div>\n\t\t\t\t\t\t\t<div class=\"elementor-container elementor-column-gap-default\">\n\t\t\t\t\t<div class=\"elementor-column elementor-col-100 elementor-top-column elementor-element elementor-element-cb304f3\" data-id=\"cb304f3\" data-element_type=\"column\" data-e-type=\"column\">\n\t\t\t<div class=\"elementor-widget-wrap elementor-element-populated\">\n\t\t\t\t\t\t<div class=\"elementor-element elementor-element-4f56eb5 elementor-widget elementor-widget-heading\" data-id=\"4f56eb5\" data-element_type=\"widget\" data-e-type=\"widget\" data-widget_type=\"heading.default\">\n\t\t\t\t<div class=\"elementor-widget-container\">\n\t\t\t\t\t<h1 class=\"elementor-heading-title elementor-size-default\">Blog<\/h1>\t\t\t\t<\/div>\n\t\t\t\t<\/div>\n\t\t\t\t\t<\/div>\n\t\t<\/div>\n\t\t\t\t\t<\/div>\n\t\t<\/section>\n\t\t\t\t<section class=\"elementor-section elementor-top-section elementor-element elementor-element-47dd5b7 elementor-section-boxed elementor-section-height-default elementor-section-height-default\" data-id=\"47dd5b7\" data-element_type=\"section\" data-e-type=\"section\">\n\t\t\t\t\t\t<div class=\"elementor-container elementor-column-gap-default\">\n\t\t\t\t\t<div class=\"elementor-column elementor-col-100 elementor-top-column elementor-element elementor-element-ba99a81\" data-id=\"ba99a81\" data-element_type=\"column\" data-e-type=\"column\">\n\t\t\t<div class=\"elementor-widget-wrap elementor-element-populated\">\n\t\t\t\t\t\t<div class=\"elementor-element elementor-element-81b23e0 elementor-widget elementor-widget-ucaddon_post_list\" data-id=\"81b23e0\" data-element_type=\"widget\" data-e-type=\"widget\" data-widget_type=\"ucaddon_post_list.default\">\n\t\t\t\t<div class=\"elementor-widget-container\">\n\t\t\t\t\t\n<!-- start Post List -->\n\t\t<link id='font-awesome-css' href='https:\/\/alexsoler.net\/wp-content\/plugins\/unlimited-elements-for-elementor\/assets_libraries\/font-awesome6\/fontawesome-all.min.css' type='text\/css' rel='stylesheet' >\n\t\t<link id='font-awesome-4-shim-css' href='https:\/\/alexsoler.net\/wp-content\/plugins\/unlimited-elements-for-elementor\/assets_libraries\/font-awesome6\/fontawesome-v4-shims.min.css' type='text\/css' rel='stylesheet' >\n\n<style>\/* widget: Post List *\/\n\n#uc_post_list_elementor_81b23e0\n{\n  display:grid;\n}\n\n\n#uc_post_list_elementor_81b23e0 .uc_post_list_image div\n{\n  background-size:cover;\n  background-position:center;\n}\n\n\n.uc_post_list .uc_post_list_box{\n\tposition: relative;\n\toverflow: hidden;\n\tdisplay: flex;\n}\n\n#uc_post_list_elementor_81b23e0 .uc_post_list_image\n{\n  flex-grow:0;\n  flex-shrink:0;\n}\n\n#uc_post_list_elementor_81b23e0 .uc_post_list_image img\n{\n  width:100%;\n  display:block;\n  \n}\n\n\n.uc_post_list_title a{\n\tcolor: #333333;\n    font-size: 16px;\n}\n.uc_post_list_date{\n\tfont-size: 12px;\n}\n\n#uc_post_list_elementor_81b23e0 .uc_post_list_content\n{\n  display:flex;\n  flex-direction:column;\n  flex:1;\n}\n\n#uc_post_list_elementor_81b23e0 .uc_more_btn{\n\n  text-align:center;\n  text-decoration:none;\n  transition:0.3s;\n}\n\n#uc_post_list_elementor_81b23e0 .button-on-side\n{\n  display:flex;\n  align-items:center;\n}\n\n\n.ue-grid-item-category a\n{\n  display:inline-block;\n  font-size:10px;\n  text-transform:uppercase;\n}\n\n#uc_post_list_elementor_81b23e0 .ue-meta-data\n{\n  \n  display:flex;\n\n  flex-wrap: wrap;\n  line-height:1em;\n}\n\n#uc_post_list_elementor_81b23e0 .ue-grid-item-meta-data\n{\n      display:inline-flex;\n      align-items:center;\n}\n\n.ue-grid-item-meta-data\n{\n  font-size:12px;\n}\n\n#uc_post_list_elementor_81b23e0 .ue-grid-item-meta-data-icon\n{\n  line-height:1em;\n}\n\n#uc_post_list_elementor_81b23e0 .ue-grid-item-meta-data-icon svg\n{\n  width:1em;\n  height:1em;\n}\n\n<\/style>\n\n<div class=\"uc_post_list uc-items-wrapper uc-filterable-grid\" id=\"uc_post_list_elementor_81b23e0\"  data-ajax='true'  data-filterbehave='ajax'  querydata='{&quot;count_posts&quot;:4,&quot;total_posts&quot;:4,&quot;page&quot;:1,&quot;num_pages&quot;:1}'>    \t\n  <div class=\"uc_post_list_box\">\n  \t    <div class=\"uc_post_list_image\">\n      <a href=\"https:\/\/alexsoler.net\/ca\/como-alquilar-mi-piso-de-forma-segura\/\" title=\"Com llogar el meu pis de forma segura\">\n          \n            <img loading=\"lazy\" decoding=\"async\" src=\"https:\/\/alexsoler.net\/wp-content\/uploads\/2023\/03\/alquilar-tu-vivienda-768x432.jpg\"  alt=\"alquilar-tu-vivienda\" width=\"768\" height=\"432\">\n        \t\n        \n      <\/a>\n    <\/div>\n  \t\t\n  \n    <div class=\"uc_post_list_content\">\n      <div class=\"uc_post_list_content_inside\">\n        \n                        \n         \n        \n         <div class=\"uc_post_list_title\"><a href=\"https:\/\/alexsoler.net\/ca\/como-alquilar-mi-piso-de-forma-segura\/\" title=\"Com llogar el meu pis de forma segura\">Com llogar el meu pis de forma segura<\/a><\/div>\t\n         \n        <div class=\"ue-meta-data\">\n                        \n                        \n            \n                        \n                        \n            \n            \n          <\/div>\n         \n                \n         <div class=\"uc_post_content\">Todo lo que necesitas saber para alquilar tu inmueble de forma segura.\n\n\n\n\n\n\n\nTener miedo a poner tu vivienda en alquiler es normal. Todos conocemos a alguien que ha tenido malas experiencias y no queremos que nos pase lo mismo a nosotros. \u00bfY si dejan de pagar? \u00bfY si me destrozan el piso? \u00bfY si tengo...<\/div>\t\n         \t\n      <\/div>\n    <\/div>\n     \n       \n<\/div>\n<div class=\"uc_post_list_box\">\n  \t    <div class=\"uc_post_list_image\">\n      <a href=\"https:\/\/alexsoler.net\/ca\/impuestos-y-gastos-a-pagar-al-vender-un-inmueble\/\" title=\"Impostos i despeses a pagar al vendre un immoble\">\n          \n            <img loading=\"lazy\" decoding=\"async\" src=\"https:\/\/alexsoler.net\/wp-content\/uploads\/2023\/03\/Problemas-al-comprar-un-inmueble-desde-el-extranjero-feria-1536x1096-1-768x548.jpg\"  alt=\"Problemas-al-comprar-un-inmueble-desde-el-extranjero-feria-1536x1096\" width=\"768\" height=\"548\">\n        \t\n        \n      <\/a>\n    <\/div>\n  \t\t\n  \n    <div class=\"uc_post_list_content\">\n      <div class=\"uc_post_list_content_inside\">\n        \n                        \n         \n        \n         <div class=\"uc_post_list_title\"><a href=\"https:\/\/alexsoler.net\/ca\/impuestos-y-gastos-a-pagar-al-vender-un-inmueble\/\" title=\"Impostos i despeses a pagar al vendre un immoble\">Impostos i despeses a pagar al vendre un immoble<\/a><\/div>\t\n         \n        <div class=\"ue-meta-data\">\n                        \n                        \n            \n                        \n                        \n            \n            \n          <\/div>\n         \n                \n         <div class=\"uc_post_content\">\u00bfQu\u00e9 impuestos y gastos debes pagar al vender un inmueble? \n\n\n\n\n\n\n\nCuando se vende un inmueble hay muchas dudas acerca de qui\u00e9n debe pagar qu\u00e9 y muchas veces no somos conscientes de todo lo que vamos a tener que pagar. Es por esto que en este art\u00edculo vamos a ver todos los impuestos y gastos que se deben...<\/div>\t\n         \t\n      <\/div>\n    <\/div>\n     \n       \n<\/div>\n<div class=\"uc_post_list_box\">\n  \t    <div class=\"uc_post_list_image\">\n      <a href=\"https:\/\/alexsoler.net\/ca\/que-debes-tener-claro-antes-de-iniciar-la-busqueda-de-tu-futura-casa\/\" title=\"Qu\u00e8 has de tenir clar abans d&#039;iniciar la cerca de casa teva?\">\n          \n            <img loading=\"lazy\" decoding=\"async\" src=\"https:\/\/alexsoler.net\/wp-content\/uploads\/2023\/03\/busqueda-inmuebles-portatil_23-2148653641.jpg\"  alt=\"busqueda-inmuebles-portatil_23-2148653641\" width=\"740\" height=\"493\">\n        \t\n        \n      <\/a>\n    <\/div>\n  \t\t\n  \n    <div class=\"uc_post_list_content\">\n      <div class=\"uc_post_list_content_inside\">\n        \n                        \n         \n        \n         <div class=\"uc_post_list_title\"><a href=\"https:\/\/alexsoler.net\/ca\/que-debes-tener-claro-antes-de-iniciar-la-busqueda-de-tu-futura-casa\/\" title=\"Qu\u00e8 has de tenir clar abans d&#039;iniciar la cerca de casa teva?\">Qu\u00e8 has de tenir clar abans d'iniciar la cerca de casa teva?<\/a><\/div>\t\n         \n        <div class=\"ue-meta-data\">\n                        \n                        \n            \n                        \n                        \n            \n            \n          <\/div>\n         \n                \n         <div class=\"uc_post_content\">\u00bfQuieres comprar un inmueble y no sabes por donde empezar? Este es tu art\u00edculo.\n\n\n\n\n\n\n\nSi est\u00e1s pensando en comprar un inmueble para que sea tu nuevo hogar, lo m\u00e1s probable es que tengas muchas dudas. \u00bfPor d\u00f3nde empiezo? \u00bfQu\u00e9 debo hacer? \u00bfCu\u00e1l es la mejor forma para encontrar inmuebles? \u00bfD\u00f3nde debo buscar?...<\/div>\t\n         \t\n      <\/div>\n    <\/div>\n     \n       \n<\/div>\n<div class=\"uc_post_list_box\">\n  \t    <div class=\"uc_post_list_image\">\n      <a href=\"https:\/\/alexsoler.net\/ca\/merece-la-pena-poner-placas-solares\/\" title=\"Surt a compte posar plaques solars?\">\n          \n            <img loading=\"lazy\" decoding=\"async\" src=\"https:\/\/alexsoler.net\/wp-content\/uploads\/2022\/08\/Diseno-sin-titulo-48.png\"  alt=\"Dise\u00f1o sin t\u00edtulo (48)\" width=\"300\" height=\"200\">\n        \t\n        \n      <\/a>\n    <\/div>\n  \t\t\n  \n    <div class=\"uc_post_list_content\">\n      <div class=\"uc_post_list_content_inside\">\n        \n                        \n         \n        \n         <div class=\"uc_post_list_title\"><a href=\"https:\/\/alexsoler.net\/ca\/merece-la-pena-poner-placas-solares\/\" title=\"Surt a compte posar plaques solars?\">Surt a compte posar plaques solars?<\/a><\/div>\t\n         \n        <div class=\"ue-meta-data\">\n                        \n                        \n            \n                        \n                        \n            \n            \n          <\/div>\n         \n                \n         <div class=\"uc_post_content\">Toda la verdad sobre la instalaci\u00f3n de placas solares \n\n\n\n\n\n\n\nEl incremento del precio de la luz es una realidad y ha hecho que cada vez m\u00e1s personas se planteen poner placas solares en sus hogares. Pero todos tenemos la misma duda&#8230; \u00bfRealmente merece la pena poner placas solares? \u00bfEs una buena...<\/div>\t\n         \t\n      <\/div>\n    <\/div>\n     \n       \n<\/div>\n\n<\/div>\n\n\n<!-- end Post List -->\t\t\t\t<\/div>\n\t\t\t\t<\/div>\n\t\t\t\t\t<\/div>\n\t\t<\/div>\n\t\t\t\t\t<\/div>\n\t\t<\/section>\n\t\t\t\t<section class=\"elementor-section elementor-top-section elementor-element elementor-element-38497d8 elementor-section-boxed elementor-section-height-default elementor-section-height-default\" data-id=\"38497d8\" data-element_type=\"section\" data-e-type=\"section\">\n\t\t\t\t\t\t<div class=\"elementor-container elementor-column-gap-default\">\n\t\t\t\t\t<div class=\"elementor-column elementor-col-100 elementor-top-column elementor-element elementor-element-1b81bb3\" data-id=\"1b81bb3\" data-element_type=\"column\" data-e-type=\"column\">\n\t\t\t<div class=\"elementor-widget-wrap elementor-element-populated\">\n\t\t\t\t\t\t<div class=\"elementor-element elementor-element-13fa18e elementor-widget elementor-widget-ucaddon_archive_pagination\" data-id=\"13fa18e\" data-element_type=\"widget\" data-e-type=\"widget\" data-widget_type=\"ucaddon_archive_pagination.default\">\n\t\t\t\t<div class=\"elementor-widget-container\">\n\t\t\t\t\t\n<!-- start Post Pagination -->\n\n<style>\/* widget: Post Pagination *\/\n\n#uc_archive_pagination_elementor_13fa18e nav\n{\n  padding:0px;\n  margin:0px;\n}\n\n#uc_archive_pagination_elementor_13fa18e \n{\n  display:flex;\n  flex-wrap: wrap;\n  justify-content:center;\n}\n\n#uc_archive_pagination_elementor_13fa18e .nav-links\n{\n  display:flex;\n  justify-content:center;\n}\n\n#uc_archive_pagination_elementor_13fa18e .nav-links > *\n{\n}\n\n#uc_archive_pagination_elementor_13fa18e .page-numbers\n{\n  display:flex;\n  \n  align-items:center;\n  justify-content:center;\n  transition:0.3s;\n  line-height:1em;\n}\n\n\n#uc_archive_pagination_elementor_13fa18e a.page-numbers, #uc_archive_pagination_elementor_13fa18e .dots\n{\n  color:#000000;\n  background-color:;\n}\n\n#uc_archive_pagination_elementor_13fa18e a.page-numbers:hover\n{\n  color:#6e6e6e;\n  background-color:#eeeeee;\n}\n\n#uc_archive_pagination_elementor_13fa18e .page-numbers.current,\n#uc_archive_pagination_elementor_13fa18e .page-numbers.current:hover\n{\n  background-color:#000000;\n  color:#ffffff;\n}\n\n\n#uc_archive_pagination_elementor_13fa18e .page-numbers.prev, #uc_archive_pagination_elementor_13fa18e .page-numbers.next\n{\n  padding-left:15px;\n  padding-right:15px;\n}\n\n\n\n#uc_archive_pagination_elementor_13fa18e .prev:before {\n   font-family: \"Font Awesome 5 Free\";\n   content: \"\\f053\";\n   display: inline-block;\n   vertical-align: middle;\n   font-weight: 900;\n   padding-right:10px;}\n\n#uc_archive_pagination_elementor_13fa18e .next:after {\n   font-family: \"Font Awesome 5 Free\";\n   content: \"\\f054\";\n   display: inline-block;\n   vertical-align: middle;\n   font-weight: 900;\n   padding-left:10px;}\n\n#uc_archive_pagination_elementor_13fa18e.uc-ajax-loading{\n\topacity:1 !important;\n}\n\n#uc_archive_pagination_elementor_13fa18e.uc-ajax-loading .current{\n\tposition:relative;\n    overflow:hidden;\n}\n\n\n#uc_archive_pagination_elementor_13fa18e.uc-ajax-loading .current:before{\n  content: \"\";\n  display:block;\n  width:100%;\n  height:100%;\n  box-sizing:border-box;\n  position:absolute;\n  top:0px;\n  left:0px;\n  background-color: #c2c2c2;\n  animation: uc-spinning-border 0.5s linear infinite;\n  opacity:50%;\n  border-radius:inherit;\n}\n\n@keyframes uc-spinning-border {\n\t0%{transform: scale(0);}\n\t100%{transform: scale(1); }\t\n}\n\n\n\n<\/style>\n\n<div id=\"uc_archive_pagination_elementor_13fa18e\" class=\"archive_pagination uc-filter-pagination\">\n\n<\/div>\n<!-- end Post Pagination -->\t\t\t\t<\/div>\n\t\t\t\t<\/div>\n\t\t\t\t\t<\/div>\n\t\t<\/div>\n\t\t\t\t\t<\/div>\n\t\t<\/section>\n\t\t\t\t<\/div>","protected":false},"excerpt":{"rendered":"<p>Blog C\u00f3mo alquilar mi piso de forma segura Todo lo que necesitas saber para alquilar tu inmueble de forma segura. Tener miedo a poner tu vivienda en alquiler es normal. Todos conocemos a alguien que ha tenido malas experiencias y no queremos que nos pase lo mismo a nosotros. \u00bfY si dejan de pagar? \u00bfY &hellip;<\/p>\n<p class=\"read-more\"> <a class=\"\" href=\"https:\/\/alexsoler.net\/ca\/blog\/\"> <span class=\"screen-reader-text\">Blog<\/span> Llegeix m\u00e9s &raquo;<\/a><\/p>","protected":false},"author":1,"featured_media":0,"parent":0,"menu_order":0,"comment_status":"closed","ping_status":"closed","template":"","meta":{"site-sidebar-layout":"no-sidebar","site-content-layout":"page-builder","ast-main-header-display":"","ast-hfb-above-header-display":"","ast-hfb-below-header-display":"","ast-hfb-mobile-header-display":"","site-post-title":"disabled","ast-breadcrumbs-content":"","ast-featured-img":"disabled","footer-sml-layout":"","theme-transparent-header-meta":"enabled","adv-header-id-meta":"","stick-header-meta":"","header-above-stick-meta":"","header-main-stick-meta":"","header-below-stick-meta":"","footnotes":""},"class_list":["post-1200","page","type-page","status-publish","hentry"],"_links":{"self":[{"href":"https:\/\/alexsoler.net\/ca\/wp-json\/wp\/v2\/pages\/1200","targetHints":{"allow":["GET"]}}],"collection":[{"href":"https:\/\/alexsoler.net\/ca\/wp-json\/wp\/v2\/pages"}],"about":[{"href":"https:\/\/alexsoler.net\/ca\/wp-json\/wp\/v2\/types\/page"}],"author":[{"embeddable":true,"href":"https:\/\/alexsoler.net\/ca\/wp-json\/wp\/v2\/users\/1"}],"replies":[{"embeddable":true,"href":"https:\/\/alexsoler.net\/ca\/wp-json\/wp\/v2\/comments?post=1200"}],"version-history":[{"count":26,"href":"https:\/\/alexsoler.net\/ca\/wp-json\/wp\/v2\/pages\/1200\/revisions"}],"predecessor-version":[{"id":3025,"href":"https:\/\/alexsoler.net\/ca\/wp-json\/wp\/v2\/pages\/1200\/revisions\/3025"}],"wp:attachment":[{"href":"https:\/\/alexsoler.net\/ca\/wp-json\/wp\/v2\/media?parent=1200"}],"curies":[{"name":"wp","href":"https:\/\/api.w.org\/{rel}","templated":true}]}}