{"id":14,"date":"2021-11-21T15:14:19","date_gmt":"2021-11-21T15:14:19","guid":{"rendered":"https:\/\/alexsoler.net\/about\/"},"modified":"2025-06-17T12:34:48","modified_gmt":"2025-06-17T10:34:48","slug":"quien-soy","status":"publish","type":"page","link":"https:\/\/alexsoler.net\/ca\/quien-soy\/","title":{"rendered":"About"},"content":{"rendered":"<div data-elementor-type=\"wp-page\" data-elementor-id=\"14\" class=\"elementor elementor-14\">\n\t\t\t\t\t\t<section class=\"elementor-section elementor-top-section elementor-element elementor-element-c8ddeb6 elementor-section-height-min-height elementor-section-boxed elementor-section-height-default elementor-section-items-middle\" data-id=\"c8ddeb6\" data-element_type=\"section\" data-e-type=\"section\" data-settings=\"{&quot;background_background&quot;:&quot;classic&quot;}\">\n\t\t\t\t\t\t\t<div class=\"elementor-background-overlay\"><\/div>\n\t\t\t\t\t\t\t<div class=\"elementor-container elementor-column-gap-default\">\n\t\t\t\t\t<div class=\"elementor-column elementor-col-100 elementor-top-column elementor-element elementor-element-6a5337e\" data-id=\"6a5337e\" data-element_type=\"column\" data-e-type=\"column\">\n\t\t\t<div class=\"elementor-widget-wrap elementor-element-populated\">\n\t\t\t\t\t\t<div class=\"elementor-element elementor-element-feefb6c elementor-widget elementor-widget-heading\" data-id=\"feefb6c\" data-element_type=\"widget\" data-e-type=\"widget\" data-widget_type=\"heading.default\">\n\t\t\t\t<div class=\"elementor-widget-container\">\n\t\t\t\t\t<h1 class=\"elementor-heading-title elementor-size-default\">Qui Soc?<\/h1>\t\t\t\t<\/div>\n\t\t\t\t<\/div>\n\t\t\t\t<div class=\"elementor-element elementor-element-d7aca99 elementor-widget elementor-widget-text-editor\" data-id=\"d7aca99\" data-element_type=\"widget\" data-e-type=\"widget\" data-widget_type=\"text-editor.default\">\n\t\t\t\t<div class=\"elementor-widget-container\">\n\t\t\t\t\t\t\t\t\t<p><em>\u00abUna nova manera de fer immobili\u00e0ria. Sinceritat, professionalitat i molta dedicaci\u00f3.\u00bb<\/em><\/p>\t\t\t\t\t\t\t\t<\/div>\n\t\t\t\t<\/div>\n\t\t\t\t\t<\/div>\n\t\t<\/div>\n\t\t\t\t\t<\/div>\n\t\t<\/section>\n\t\t\t\t<section class=\"elementor-section elementor-top-section elementor-element elementor-element-91a3a67 elementor-section-boxed elementor-section-height-default elementor-section-height-default\" data-id=\"91a3a67\" data-element_type=\"section\" data-e-type=\"section\">\n\t\t\t\t\t\t<div class=\"elementor-container elementor-column-gap-default\">\n\t\t\t\t\t<div class=\"elementor-column elementor-col-50 elementor-top-column elementor-element elementor-element-8df2418\" data-id=\"8df2418\" data-element_type=\"column\" data-e-type=\"column\">\n\t\t\t<div class=\"elementor-widget-wrap elementor-element-populated\">\n\t\t\t\t\t\t<div class=\"elementor-element elementor-element-824de27 elementor-widget elementor-widget-image\" data-id=\"824de27\" data-element_type=\"widget\" data-e-type=\"widget\" data-widget_type=\"image.default\">\n\t\t\t\t<div class=\"elementor-widget-container\">\n\t\t\t\t\t\t\t\t\t\t\t\t\t\t\t<img fetchpriority=\"high\" decoding=\"async\" width=\"1024\" height=\"682\" src=\"https:\/\/alexsoler.net\/wp-content\/uploads\/2025\/06\/WhatsApp-Image-2025-01-27-at-09.28.21-1024x682.jpeg\" class=\"attachment-large size-large wp-image-2993\" alt=\"\" srcset=\"https:\/\/alexsoler.net\/wp-content\/uploads\/2025\/06\/WhatsApp-Image-2025-01-27-at-09.28.21-1024x682.jpeg 1024w, https:\/\/alexsoler.net\/wp-content\/uploads\/2025\/06\/WhatsApp-Image-2025-01-27-at-09.28.21-300x200.jpeg 300w, https:\/\/alexsoler.net\/wp-content\/uploads\/2025\/06\/WhatsApp-Image-2025-01-27-at-09.28.21-768x512.jpeg 768w, https:\/\/alexsoler.net\/wp-content\/uploads\/2025\/06\/WhatsApp-Image-2025-01-27-at-09.28.21-1536x1023.jpeg 1536w, https:\/\/alexsoler.net\/wp-content\/uploads\/2025\/06\/WhatsApp-Image-2025-01-27-at-09.28.21-18x12.jpeg 18w, https:\/\/alexsoler.net\/wp-content\/uploads\/2025\/06\/WhatsApp-Image-2025-01-27-at-09.28.21.jpeg 1600w\" sizes=\"(max-width: 1024px) 100vw, 1024px\" \/>\t\t\t\t\t\t\t\t\t\t\t\t\t\t\t<\/div>\n\t\t\t\t<\/div>\n\t\t\t\t\t<\/div>\n\t\t<\/div>\n\t\t\t\t<div class=\"elementor-column elementor-col-50 elementor-top-column elementor-element elementor-element-275bac7\" data-id=\"275bac7\" data-element_type=\"column\" data-e-type=\"column\" data-settings=\"{&quot;background_background&quot;:&quot;classic&quot;}\">\n\t\t\t<div class=\"elementor-widget-wrap elementor-element-populated\">\n\t\t\t\t\t\t<div class=\"elementor-element elementor-element-0a56ce5 elementor-widget elementor-widget-heading\" data-id=\"0a56ce5\" data-element_type=\"widget\" data-e-type=\"widget\" data-widget_type=\"heading.default\">\n\t\t\t\t<div class=\"elementor-widget-container\">\n\t\t\t\t\t<h2 class=\"elementor-heading-title elementor-size-default\">Idiomes<\/h2>\t\t\t\t<\/div>\n\t\t\t\t<\/div>\n\t\t\t\t<div class=\"elementor-element elementor-element-bb9cca2 elementor-widget elementor-widget-text-editor\" data-id=\"bb9cca2\" data-element_type=\"widget\" data-e-type=\"widget\" data-widget_type=\"text-editor.default\">\n\t\t\t\t<div class=\"elementor-widget-container\">\n\t\t\t\t\t\t\t\t\t<p>Espanyol | Catal\u00e0 | Angl\u00e8s | Franc\u00e8s<\/p>\t\t\t\t\t\t\t\t<\/div>\n\t\t\t\t<\/div>\n\t\t\t\t<div class=\"elementor-element elementor-element-862f5fb elementor-widget elementor-widget-heading\" data-id=\"862f5fb\" data-element_type=\"widget\" data-e-type=\"widget\" data-widget_type=\"heading.default\">\n\t\t\t\t<div class=\"elementor-widget-container\">\n\t\t\t\t\t<h2 class=\"elementor-heading-title elementor-size-default\">\u00c0rea<\/h2>\t\t\t\t<\/div>\n\t\t\t\t<\/div>\n\t\t\t\t<div class=\"elementor-element elementor-element-9f08762 elementor-widget elementor-widget-text-editor\" data-id=\"9f08762\" data-element_type=\"widget\" data-e-type=\"widget\" data-widget_type=\"text-editor.default\">\n\t\t\t\t<div class=\"elementor-widget-container\">\n\t\t\t\t\t\t\t\t\t<p>Vic | Osona | Costa Brava | Prov\u00edncia de Barcelona<\/p>\t\t\t\t\t\t\t\t<\/div>\n\t\t\t\t<\/div>\n\t\t\t\t<div class=\"elementor-element elementor-element-6996cbf elementor-widget elementor-widget-heading\" data-id=\"6996cbf\" data-element_type=\"widget\" data-e-type=\"widget\" data-widget_type=\"heading.default\">\n\t\t\t\t<div class=\"elementor-widget-container\">\n\t\t\t\t\t<h2 class=\"elementor-heading-title elementor-size-default\">Contacte<\/h2>\t\t\t\t<\/div>\n\t\t\t\t<\/div>\n\t\t\t\t<div class=\"elementor-element elementor-element-10c723d elementor-widget elementor-widget-text-editor\" data-id=\"10c723d\" data-element_type=\"widget\" data-e-type=\"widget\" data-widget_type=\"text-editor.default\">\n\t\t\t\t<div class=\"elementor-widget-container\">\n\t\t\t\t\t\t\t\t\t<p>+34 658 13 12 82<\/p><p>alex@finquesvic.com<\/p>\t\t\t\t\t\t\t\t<\/div>\n\t\t\t\t<\/div>\n\t\t\t\t\t<\/div>\n\t\t<\/div>\n\t\t\t\t\t<\/div>\n\t\t<\/section>\n\t\t\t\t<section class=\"elementor-section elementor-top-section elementor-element elementor-element-09f9ac0 elementor-section-boxed elementor-section-height-default elementor-section-height-default\" data-id=\"09f9ac0\" data-element_type=\"section\" data-e-type=\"section\">\n\t\t\t\t\t\t<div class=\"elementor-container elementor-column-gap-default\">\n\t\t\t\t\t<div class=\"elementor-column elementor-col-50 elementor-top-column elementor-element elementor-element-00efc3f\" data-id=\"00efc3f\" data-element_type=\"column\" data-e-type=\"column\">\n\t\t\t<div class=\"elementor-widget-wrap elementor-element-populated\">\n\t\t\t\t\t\t<div class=\"elementor-element elementor-element-50fffd6 elementor-widget elementor-widget-heading\" data-id=\"50fffd6\" data-element_type=\"widget\" data-e-type=\"widget\" data-widget_type=\"heading.default\">\n\t\t\t\t<div class=\"elementor-widget-container\">\n\t\t\t\t\t<h2 class=\"elementor-heading-title elementor-size-default\">Hola soc l'\u00c0lex,<br>Un plaer con\u00e8ixer-te<\/h2>\t\t\t\t<\/div>\n\t\t\t\t<\/div>\n\t\t\t\t<div class=\"elementor-element elementor-element-4b5ae4f elementor-widget elementor-widget-text-editor\" data-id=\"4b5ae4f\" data-element_type=\"widget\" data-e-type=\"widget\" data-widget_type=\"text-editor.default\">\n\t\t\t\t<div class=\"elementor-widget-container\">\n\t\t\t\t\t\t\t\t\t<p>La meva passi\u00f3 pel sector immobiliari m'ha portat des de molt jove a dedicar-m'hi. I la meva edat, encara que no ho sembli, \u00e9s el meu punt fort.<\/p>\n<p><br><\/p>\n<p><\/p>\n<p>La meva fortalesa recau en absorbir tot el coneixement dels experts amb qui m'envolto (tots amb m\u00e9s de 25 anys d'experi\u00e8ncia al sector), crear una estrat\u00e8gia personalitzada a cada client i executar-la al m\u00f3n actual. Un m\u00f3n online i digitalitzat, on les estrat\u00e8gies tradicionals ja no funcionen com solien.<\/p>\n<p><br><\/p>\n<p><\/p>\n<p>Avui en dia es requereix una fusi\u00f3 entre ambd\u00f3s mons amb qu\u00e8 convivim: el m\u00f3n digital (online) i el m\u00f3n anal\u00f2gic (el carrer). I aix\u00f2 \u00e9s el que jo faig.<\/p>\n<p><br><\/p>\n<p><\/p>\n<p>Aprofito tots els meus coneixements i els dels meus companys i assessors, per donar-te el millor servei possible.&nbsp;<\/p>\t\t\t\t\t\t\t\t<\/div>\n\t\t\t\t<\/div>\n\t\t\t\t\t<\/div>\n\t\t<\/div>\n\t\t\t\t<div class=\"elementor-column elementor-col-50 elementor-top-column elementor-element elementor-element-381b6e6\" data-id=\"381b6e6\" data-element_type=\"column\" data-e-type=\"column\">\n\t\t\t<div class=\"elementor-widget-wrap elementor-element-populated\">\n\t\t\t\t\t\t<div class=\"elementor-element elementor-element-d33e0fd elementor-widget elementor-widget-image\" data-id=\"d33e0fd\" data-element_type=\"widget\" data-e-type=\"widget\" data-widget_type=\"image.default\">\n\t\t\t\t<div class=\"elementor-widget-container\">\n\t\t\t\t\t\t\t\t\t\t\t\t\t\t\t<img decoding=\"async\" width=\"844\" height=\"1024\" src=\"https:\/\/alexsoler.net\/wp-content\/uploads\/2025\/06\/WhatsApp-Image-2025-01-27-at-09.28.22-4-e1750156181825-844x1024.jpeg\" class=\"attachment-large size-large wp-image-2997\" alt=\"\" srcset=\"https:\/\/alexsoler.net\/wp-content\/uploads\/2025\/06\/WhatsApp-Image-2025-01-27-at-09.28.22-4-e1750156181825-844x1024.jpeg 844w, https:\/\/alexsoler.net\/wp-content\/uploads\/2025\/06\/WhatsApp-Image-2025-01-27-at-09.28.22-4-e1750156181825-247x300.jpeg 247w, https:\/\/alexsoler.net\/wp-content\/uploads\/2025\/06\/WhatsApp-Image-2025-01-27-at-09.28.22-4-e1750156181825-768x932.jpeg 768w, https:\/\/alexsoler.net\/wp-content\/uploads\/2025\/06\/WhatsApp-Image-2025-01-27-at-09.28.22-4-e1750156181825-10x12.jpeg 10w, https:\/\/alexsoler.net\/wp-content\/uploads\/2025\/06\/WhatsApp-Image-2025-01-27-at-09.28.22-4-e1750156181825.jpeg 1066w\" sizes=\"(max-width: 844px) 100vw, 844px\" \/>\t\t\t\t\t\t\t\t\t\t\t\t\t\t\t<\/div>\n\t\t\t\t<\/div>\n\t\t\t\t\t<\/div>\n\t\t<\/div>\n\t\t\t\t\t<\/div>\n\t\t<\/section>\n\t\t\t\t<section class=\"elementor-section elementor-top-section elementor-element elementor-element-1d1fb51 elementor-section-boxed elementor-section-height-default elementor-section-height-default\" data-id=\"1d1fb51\" data-element_type=\"section\" data-e-type=\"section\">\n\t\t\t\t\t\t<div class=\"elementor-container elementor-column-gap-default\">\n\t\t\t\t\t<div class=\"elementor-column elementor-col-100 elementor-top-column elementor-element elementor-element-5cf1d07\" data-id=\"5cf1d07\" data-element_type=\"column\" data-e-type=\"column\">\n\t\t\t<div class=\"elementor-widget-wrap elementor-element-populated\">\n\t\t\t\t\t\t<div class=\"elementor-element elementor-element-7f4b6ff elementor-widget elementor-widget-text-editor\" data-id=\"7f4b6ff\" data-element_type=\"widget\" data-e-type=\"widget\" data-widget_type=\"text-editor.default\">\n\t\t\t\t<div class=\"elementor-widget-container\">\n\t\t\t\t\t\t\t\t\t<p>Crec que ambd\u00f3s mons s\u00f3n importants, per la qual cosa el meu objectiu en cada transacci\u00f3 \u00e9s crear una estrat\u00e8gia personalitzada a cada immoble i cada client, ja que cadasc\u00fa \u00e9s \u00fanic en la seva forma de ser.&nbsp;<\/p>\n<p><br><\/p>\n<p><\/p>\n<p>La meva vocaci\u00f3 per aquesta feina \u00e9s el que em diferencia de la multitud. Una vocaci\u00f3 que fa que respiri aquesta feina a cada moment de la meva vida. Aix\u00f2 \u00e9s el que em fa diferent. Les meves ganes de treballar, formar-me, aprendre i fer les coses b\u00e9 \u00e9s el que em mou cada dia al despertar-me.<\/p>\n<p><br><\/p>\n<p><\/p>\n<p>No et puc prometre saber-ho tot al moment ni la f\u00f3rmula m\u00e0gica per vendre casa teva en 5 dies. Ning\u00fa pot. Per\u00f2 si hi ha alguna cosa que et puc prometre \u00e9s la meva total dedicaci\u00f3, comprom\u00eds i sinceritat amb i per a tu.<\/p>\n<p><br><\/p>\n<p><\/p>\n<p>Si hi ha quelcom que no s\u00e9, buscar\u00e9 la resposta i te la comunicar\u00e9 el m\u00e9s aviat possible. Si casa teva no es ven, remour\u00e9 cel i terra per ajustar la nostra estrat\u00e8gia de m\u00e0rqueting i trobar el comprador ideal. Si sorgeix un problema, treballar\u00e9 dia i nit fins a trobar una soluci\u00f3.<\/p>\n<p><br><\/p>\n<p><\/p>\n<p>I tot aix\u00f2, amb un simple objectiu: que tu, el meu client, experimentis el m\u00e0xim nivell de servei i aconsegueixis tot all\u00f2 que et proposes, ja que els teus objectius, s\u00f3n els meus objectius.<\/p>\t\t\t\t\t\t\t\t<\/div>\n\t\t\t\t<\/div>\n\t\t\t\t\t<\/div>\n\t\t<\/div>\n\t\t\t\t\t<\/div>\n\t\t<\/section>\n\t\t\t\t<section class=\"elementor-section elementor-top-section elementor-element elementor-element-a207389 elementor-section-boxed elementor-section-height-default elementor-section-height-default\" data-id=\"a207389\" data-element_type=\"section\" data-e-type=\"section\" data-settings=\"{&quot;background_background&quot;:&quot;classic&quot;}\">\n\t\t\t\t\t\t\t<div class=\"elementor-background-overlay\"><\/div>\n\t\t\t\t\t\t\t<div class=\"elementor-container elementor-column-gap-default\">\n\t\t\t\t\t<div class=\"elementor-column elementor-col-50 elementor-top-column elementor-element elementor-element-409f6d3\" data-id=\"409f6d3\" data-element_type=\"column\" data-e-type=\"column\" data-settings=\"{&quot;background_background&quot;:&quot;classic&quot;}\">\n\t\t\t<div class=\"elementor-widget-wrap elementor-element-populated\">\n\t\t\t\t\t\t<div class=\"elementor-element elementor-element-90d72ae elementor-widget elementor-widget-heading\" data-id=\"90d72ae\" data-element_type=\"widget\" data-e-type=\"widget\" data-widget_type=\"heading.default\">\n\t\t\t\t<div class=\"elementor-widget-container\">\n\t\t\t\t\t<h2 class=\"elementor-heading-title elementor-size-default\">PARLEM?<\/h2>\t\t\t\t<\/div>\n\t\t\t\t<\/div>\n\t\t\t\t<div class=\"elementor-element elementor-element-74ca734 elementor-widget elementor-widget-text-editor\" data-id=\"74ca734\" data-element_type=\"widget\" data-e-type=\"widget\" data-widget_type=\"text-editor.default\">\n\t\t\t\t<div class=\"elementor-widget-container\">\n\t\t\t\t\t\t\t\t\t<p><em>Estic comprom\u00e8s amb el nivell m\u00e9s alt d'experi\u00e8ncia, coneixement i servei. Les teves consultes sobre el mercat immobiliari s\u00f3n importants per a mi, aix\u00ed que espera una resposta tan r\u00e0pida com sigui possible.<\/em><\/p>\t\t\t\t\t\t\t\t<\/div>\n\t\t\t\t<\/div>\n\t\t\t\t<div class=\"elementor-element elementor-element-8c9b18d elementor-align-center elementor-widget elementor-widget-button\" data-id=\"8c9b18d\" data-element_type=\"widget\" data-e-type=\"widget\" data-widget_type=\"button.default\">\n\t\t\t\t<div class=\"elementor-widget-container\">\n\t\t\t\t\t\t\t\t\t<div class=\"elementor-button-wrapper\">\n\t\t\t\t\t<a class=\"elementor-button elementor-button-link elementor-size-sm\" href=\"https:\/\/alexsoler.net\/ca\/contacto\/\">\n\t\t\t\t\t\t<span class=\"elementor-button-content-wrapper\">\n\t\t\t\t\t\t\t\t\t<span class=\"elementor-button-text\">CONTACTA AMB MI<\/span>\n\t\t\t\t\t<\/span>\n\t\t\t\t\t<\/a>\n\t\t\t\t<\/div>\n\t\t\t\t\t\t\t\t<\/div>\n\t\t\t\t<\/div>\n\t\t\t\t\t<\/div>\n\t\t<\/div>\n\t\t\t\t<div class=\"elementor-column elementor-col-50 elementor-top-column elementor-element elementor-element-321fff9\" data-id=\"321fff9\" data-element_type=\"column\" data-e-type=\"column\" data-settings=\"{&quot;background_background&quot;:&quot;slideshow&quot;,&quot;background_slideshow_gallery&quot;:[],&quot;background_slideshow_loop&quot;:&quot;yes&quot;,&quot;background_slideshow_slide_duration&quot;:5000,&quot;background_slideshow_slide_transition&quot;:&quot;fade&quot;,&quot;background_slideshow_transition_duration&quot;:500}\">\n\t\t\t<div class=\"elementor-widget-wrap elementor-element-populated\">\n\t\t\t\t\t\t<div class=\"elementor-element elementor-element-9f251e4 elementor-widget elementor-widget-heading\" data-id=\"9f251e4\" data-element_type=\"widget\" data-e-type=\"widget\" data-widget_type=\"heading.default\">\n\t\t\t\t<div class=\"elementor-widget-container\">\n\t\t\t\t\t<h2 class=\"elementor-heading-title elementor-size-default\">INFORME IMMOBILIARI MENSUAL<\/h2>\t\t\t\t<\/div>\n\t\t\t\t<\/div>\n\t\t\t\t<div class=\"elementor-element elementor-element-71bd81b elementor-widget elementor-widget-text-editor\" data-id=\"71bd81b\" data-element_type=\"widget\" data-e-type=\"widget\" data-widget_type=\"text-editor.default\">\n\t\t\t\t<div class=\"elementor-widget-container\">\n\t\t\t\t\t\t\t\t\t<p><i>Per rebre not\u00edcies exclusives i actualitzacions del mercat, subscriu-te al nostre informe immobiliari mensual.<\/i><\/p>\t\t\t\t\t\t\t\t<\/div>\n\t\t\t\t<\/div>\n\t\t\t\t<div class=\"elementor-element elementor-element-a4c4229 elementor-align-center elementor-widget elementor-widget-button\" data-id=\"a4c4229\" data-element_type=\"widget\" data-e-type=\"widget\" data-widget_type=\"button.default\">\n\t\t\t\t<div class=\"elementor-widget-container\">\n\t\t\t\t\t\t\t\t\t<div class=\"elementor-button-wrapper\">\n\t\t\t\t\t<a class=\"elementor-button elementor-button-link elementor-size-sm\" href=\"https:\/\/alexsoler.net\/ca\/informe\/\">\n\t\t\t\t\t\t<span class=\"elementor-button-content-wrapper\">\n\t\t\t\t\t\t\t\t\t<span class=\"elementor-button-text\">SUBSCRIU-TE<\/span>\n\t\t\t\t\t<\/span>\n\t\t\t\t\t<\/a>\n\t\t\t\t<\/div>\n\t\t\t\t\t\t\t\t<\/div>\n\t\t\t\t<\/div>\n\t\t\t\t\t<\/div>\n\t\t<\/div>\n\t\t\t\t\t<\/div>\n\t\t<\/section>\n\t\t\t\t<\/div>","protected":false},"excerpt":{"rendered":"<p>\u00bfQui\u00e9n Soy? \u00abUna nueva forma de hacer inmobiliaria. Sinceridad, profesionalidad y mucha dedicaci\u00f3n.\u00bb Idiomas Espa\u00f1ol | Catal\u00e1n | Ingl\u00e9s | Franc\u00e9s \u00c1rea Vic y alrededores | Costa Brava | Provincia de Barcelona Contacto +34 658 13 12 82 alex@finquesvic.com Hola soy \u00c0lex,Un placer conocerte Mi pasi\u00f3n por el sector inmobiliario me ha llevado desde una &hellip;<\/p>\n<p class=\"read-more\"> <a class=\"\" href=\"https:\/\/alexsoler.net\/ca\/quien-soy\/\"> <span class=\"screen-reader-text\">About<\/span> Llegeix m\u00e9s &raquo;<\/a><\/p>","protected":false},"author":1,"featured_media":0,"parent":0,"menu_order":0,"comment_status":"closed","ping_status":"closed","template":"","meta":{"site-sidebar-layout":"no-sidebar","site-content-layout":"page-builder","ast-main-header-display":"","ast-hfb-above-header-display":"","ast-hfb-below-header-display":"","ast-hfb-mobile-header-display":"","site-post-title":"disabled","ast-breadcrumbs-content":"","ast-featured-img":"disabled","footer-sml-layout":"","theme-transparent-header-meta":"enabled","adv-header-id-meta":"","stick-header-meta":"","header-above-stick-meta":"","header-main-stick-meta":"","header-below-stick-meta":"","footnotes":""},"class_list":["post-14","page","type-page","status-publish","hentry"],"_links":{"self":[{"href":"https:\/\/alexsoler.net\/ca\/wp-json\/wp\/v2\/pages\/14","targetHints":{"allow":["GET"]}}],"collection":[{"href":"https:\/\/alexsoler.net\/ca\/wp-json\/wp\/v2\/pages"}],"about":[{"href":"https:\/\/alexsoler.net\/ca\/wp-json\/wp\/v2\/types\/page"}],"author":[{"embeddable":true,"href":"https:\/\/alexsoler.net\/ca\/wp-json\/wp\/v2\/users\/1"}],"replies":[{"embeddable":true,"href":"https:\/\/alexsoler.net\/ca\/wp-json\/wp\/v2\/comments?post=14"}],"version-history":[{"count":77,"href":"https:\/\/alexsoler.net\/ca\/wp-json\/wp\/v2\/pages\/14\/revisions"}],"predecessor-version":[{"id":3016,"href":"https:\/\/alexsoler.net\/ca\/wp-json\/wp\/v2\/pages\/14\/revisions\/3016"}],"wp:attachment":[{"href":"https:\/\/alexsoler.net\/ca\/wp-json\/wp\/v2\/media?parent=14"}],"curies":[{"name":"wp","href":"https:\/\/api.w.org\/{rel}","templated":true}]}}