{"id":15,"date":"2021-11-21T15:14:41","date_gmt":"2021-11-21T15:14:41","guid":{"rendered":"https:\/\/alexsoler.net\/services\/"},"modified":"2023-03-28T13:03:24","modified_gmt":"2023-03-28T11:03:24","slug":"servicios","status":"publish","type":"page","link":"https:\/\/alexsoler.net\/ca\/servicios\/","title":{"rendered":"Serveis"},"content":{"rendered":"<div data-elementor-type=\"wp-page\" data-elementor-id=\"15\" class=\"elementor elementor-15\">\n\t\t\t\t\t\t<section class=\"elementor-section elementor-top-section elementor-element elementor-element-83746e8 elementor-section-height-min-height elementor-section-boxed elementor-section-height-default elementor-section-items-middle\" data-id=\"83746e8\" data-element_type=\"section\" data-e-type=\"section\" data-settings=\"{&quot;background_background&quot;:&quot;classic&quot;}\">\n\t\t\t\t\t\t\t<div class=\"elementor-background-overlay\"><\/div>\n\t\t\t\t\t\t\t<div class=\"elementor-container elementor-column-gap-default\">\n\t\t\t\t\t<div class=\"elementor-column elementor-col-100 elementor-top-column elementor-element elementor-element-09faee3\" data-id=\"09faee3\" data-element_type=\"column\" data-e-type=\"column\">\n\t\t\t<div class=\"elementor-widget-wrap elementor-element-populated\">\n\t\t\t\t\t\t<div class=\"elementor-element elementor-element-c7152a9 elementor-widget elementor-widget-heading\" data-id=\"c7152a9\" data-element_type=\"widget\" data-e-type=\"widget\" data-widget_type=\"heading.default\">\n\t\t\t\t<div class=\"elementor-widget-container\">\n\t\t\t\t\t<h1 class=\"elementor-heading-title elementor-size-default\">Serveis<\/h1>\t\t\t\t<\/div>\n\t\t\t\t<\/div>\n\t\t\t\t\t<\/div>\n\t\t<\/div>\n\t\t\t\t\t<\/div>\n\t\t<\/section>\n\t\t\t\t<section class=\"elementor-section elementor-top-section elementor-element elementor-element-a92bf94 elementor-section-boxed elementor-section-height-default elementor-section-height-default\" data-id=\"a92bf94\" data-element_type=\"section\" data-e-type=\"section\">\n\t\t\t\t\t\t<div class=\"elementor-container elementor-column-gap-default\">\n\t\t\t\t\t<div class=\"elementor-column elementor-col-50 elementor-top-column elementor-element elementor-element-f485586\" data-id=\"f485586\" data-element_type=\"column\" data-e-type=\"column\">\n\t\t\t<div class=\"elementor-widget-wrap elementor-element-populated\">\n\t\t\t\t\t\t<div class=\"elementor-element elementor-element-c7d300b elementor-widget elementor-widget-image\" data-id=\"c7d300b\" data-element_type=\"widget\" data-e-type=\"widget\" data-widget_type=\"image.default\">\n\t\t\t\t<div class=\"elementor-widget-container\">\n\t\t\t\t\t\t\t\t\t\t\t\t\t\t\t<img fetchpriority=\"high\" decoding=\"async\" width=\"768\" height=\"1024\" src=\"https:\/\/alexsoler.net\/wp-content\/uploads\/2023\/03\/Fotos-Pro-4-768x1024.png\" class=\"attachment-large size-large wp-image-2644\" alt=\"\" srcset=\"https:\/\/alexsoler.net\/wp-content\/uploads\/2023\/03\/Fotos-Pro-4-768x1024.png 768w, https:\/\/alexsoler.net\/wp-content\/uploads\/2023\/03\/Fotos-Pro-4-225x300.png 225w, https:\/\/alexsoler.net\/wp-content\/uploads\/2023\/03\/Fotos-Pro-4-1152x1536.png 1152w, https:\/\/alexsoler.net\/wp-content\/uploads\/2023\/03\/Fotos-Pro-4-9x12.png 9w, https:\/\/alexsoler.net\/wp-content\/uploads\/2023\/03\/Fotos-Pro-4.png 1500w\" sizes=\"(max-width: 768px) 100vw, 768px\" \/>\t\t\t\t\t\t\t\t\t\t\t\t\t\t\t<\/div>\n\t\t\t\t<\/div>\n\t\t\t\t\t<\/div>\n\t\t<\/div>\n\t\t\t\t<div class=\"elementor-column elementor-col-50 elementor-top-column elementor-element elementor-element-7d00c84\" data-id=\"7d00c84\" data-element_type=\"column\" data-e-type=\"column\">\n\t\t\t<div class=\"elementor-widget-wrap elementor-element-populated\">\n\t\t\t\t\t\t<div class=\"elementor-element elementor-element-8ce1b85 elementor-widget elementor-widget-heading\" data-id=\"8ce1b85\" data-element_type=\"widget\" data-e-type=\"widget\" data-widget_type=\"heading.default\">\n\t\t\t\t<div class=\"elementor-widget-container\">\n\t\t\t\t\t<h4 class=\"elementor-heading-title elementor-size-default\">Vols vendre?<\/h4>\t\t\t\t<\/div>\n\t\t\t\t<\/div>\n\t\t\t\t<div class=\"elementor-element elementor-element-c31e03f elementor-widget elementor-widget-text-editor\" data-id=\"c31e03f\" data-element_type=\"widget\" data-e-type=\"widget\" data-widget_type=\"text-editor.default\">\n\t\t\t\t<div class=\"elementor-widget-container\">\n\t\t\t\t\t\t\t\t\t<p>\u201cCom vendre el meu pis\u201d \u00e9s una de les preguntes que m\u00e9s ens pot angoixar en un moment donat. Vendre un immoble al\u00a0<strong>millor preu possible<\/strong>, en el\u00a0<strong class=\"gilroy-bold-18px\">menor temps possible<\/strong>\u00a0i amb\u00a0<strong class=\"gilroy-bold-18px\">total seguretat i garanties<\/strong>, requereix orquestrar molt b\u00e9 una s\u00e8rie daccions online i offline des del principi i fins al final del proc\u00e9s.<\/p><p>\u00a0<\/p><div class=\"fusion-layout-column fusion_builder_column fusion-builder-column-28 fusion_builder_column_1_2 1_2 fusion-flex-column fusion-animated\" data-animationtype=\"fadeInRight\" data-animationduration=\"1.6\" data-animationoffset=\"100%\"><div class=\"fusion-column-wrapper fusion-flex-justify-content-flex-start fusion-content-layout-column\"><div class=\"fusion-text fusion-text-20 parrafo\"><p><em>Quant val? Abaixo el preu? Espero? S\u00f3n poques visites? Est\u00e0 tota la documentaci\u00f3 en regla? \u00c9s una bona oferta?<\/em><\/p><\/div><\/div><\/div>\t\t\t\t\t\t\t\t<\/div>\n\t\t\t\t<\/div>\n\t\t\t\t<div class=\"elementor-element elementor-element-6e85753 elementor-widget elementor-widget-button\" data-id=\"6e85753\" data-element_type=\"widget\" data-e-type=\"widget\" data-widget_type=\"button.default\">\n\t\t\t\t<div class=\"elementor-widget-container\">\n\t\t\t\t\t\t\t\t\t<div class=\"elementor-button-wrapper\">\n\t\t\t\t\t<a class=\"elementor-button elementor-button-link elementor-size-sm\" href=\"\/ca\/venta\/\">\n\t\t\t\t\t\t<span class=\"elementor-button-content-wrapper\">\n\t\t\t\t\t\t\t\t\t<span class=\"elementor-button-text\">Apr\u00e8n M\u00e9s<\/span>\n\t\t\t\t\t<\/span>\n\t\t\t\t\t<\/a>\n\t\t\t\t<\/div>\n\t\t\t\t\t\t\t\t<\/div>\n\t\t\t\t<\/div>\n\t\t\t\t\t<\/div>\n\t\t<\/div>\n\t\t\t\t\t<\/div>\n\t\t<\/section>\n\t\t\t\t<section class=\"elementor-section elementor-top-section elementor-element elementor-element-d6a9701 elementor-section-boxed elementor-section-height-default elementor-section-height-default\" data-id=\"d6a9701\" data-element_type=\"section\" data-e-type=\"section\">\n\t\t\t\t\t\t<div class=\"elementor-container elementor-column-gap-default\">\n\t\t\t\t\t<div class=\"elementor-column elementor-col-50 elementor-top-column elementor-element elementor-element-d403934\" data-id=\"d403934\" data-element_type=\"column\" data-e-type=\"column\">\n\t\t\t<div class=\"elementor-widget-wrap elementor-element-populated\">\n\t\t\t\t\t\t<div class=\"elementor-element elementor-element-4f7d7fe elementor-widget elementor-widget-image\" data-id=\"4f7d7fe\" data-element_type=\"widget\" data-e-type=\"widget\" data-widget_type=\"image.default\">\n\t\t\t\t<div class=\"elementor-widget-container\">\n\t\t\t\t\t\t\t\t\t\t\t\t\t\t\t<img decoding=\"async\" width=\"768\" height=\"1024\" src=\"https:\/\/alexsoler.net\/wp-content\/uploads\/2022\/08\/Diseno-sin-titulo-43-768x1024.png\" class=\"attachment-large size-large wp-image-2320\" alt=\"\" srcset=\"https:\/\/alexsoler.net\/wp-content\/uploads\/2022\/08\/Diseno-sin-titulo-43-768x1024.png 768w, https:\/\/alexsoler.net\/wp-content\/uploads\/2022\/08\/Diseno-sin-titulo-43-225x300.png 225w, https:\/\/alexsoler.net\/wp-content\/uploads\/2022\/08\/Diseno-sin-titulo-43-1152x1536.png 1152w, https:\/\/alexsoler.net\/wp-content\/uploads\/2022\/08\/Diseno-sin-titulo-43-9x12.png 9w, https:\/\/alexsoler.net\/wp-content\/uploads\/2022\/08\/Diseno-sin-titulo-43.png 1500w\" sizes=\"(max-width: 768px) 100vw, 768px\" \/>\t\t\t\t\t\t\t\t\t\t\t\t\t\t\t<\/div>\n\t\t\t\t<\/div>\n\t\t\t\t\t<\/div>\n\t\t<\/div>\n\t\t\t\t<div class=\"elementor-column elementor-col-50 elementor-top-column elementor-element elementor-element-85d71de\" data-id=\"85d71de\" data-element_type=\"column\" data-e-type=\"column\">\n\t\t\t<div class=\"elementor-widget-wrap elementor-element-populated\">\n\t\t\t\t\t\t<div class=\"elementor-element elementor-element-ab40c71 elementor-widget elementor-widget-heading\" data-id=\"ab40c71\" data-element_type=\"widget\" data-e-type=\"widget\" data-widget_type=\"heading.default\">\n\t\t\t\t<div class=\"elementor-widget-container\">\n\t\t\t\t\t<h4 class=\"elementor-heading-title elementor-size-default\">Vols llogar?<\/h4>\t\t\t\t<\/div>\n\t\t\t\t<\/div>\n\t\t\t\t<div class=\"elementor-element elementor-element-3c8a8e2 elementor-widget elementor-widget-text-editor\" data-id=\"3c8a8e2\" data-element_type=\"widget\" data-e-type=\"widget\" data-widget_type=\"text-editor.default\">\n\t\t\t\t<div class=\"elementor-widget-container\">\n\t\t\t\t\t\t\t\t\t<p>Trobar un llogater \u00e9s una tasca f\u00e0cil. Trobar un <b>bon llogater <\/b>que no et porti problemes, pagui cada mes i no et destrossi el pis \u00e9s un altre tema. Nosaltres no ens dediquem nom\u00e9s a llogar pisos sin\u00f3 que t'ajudem a trobar al millor llogater possible per al teu immoble. Trobar alg\u00fa resolutiu que no et molesti cada dos per tres, que pagui cada mes sense falta i que tingui cura del pis com si fos seu no \u00e9s q\u00fcesti\u00f3 de sort sin\u00f3 de m\u00e8tode.<\/p><p><br><\/p><p>Vols saber m\u00e9s sobre el nostre m\u00e8tode?<\/p>\t\t\t\t\t\t\t\t<\/div>\n\t\t\t\t<\/div>\n\t\t\t\t<div class=\"elementor-element elementor-element-1f9c851 elementor-widget elementor-widget-button\" data-id=\"1f9c851\" data-element_type=\"widget\" data-e-type=\"widget\" data-widget_type=\"button.default\">\n\t\t\t\t<div class=\"elementor-widget-container\">\n\t\t\t\t\t\t\t\t\t<div class=\"elementor-button-wrapper\">\n\t\t\t\t\t<a class=\"elementor-button elementor-button-link elementor-size-sm\" href=\"\/ca\/alquiler\/\">\n\t\t\t\t\t\t<span class=\"elementor-button-content-wrapper\">\n\t\t\t\t\t\t\t\t\t<span class=\"elementor-button-text\">Apr\u00e8n M\u00e9s<\/span>\n\t\t\t\t\t<\/span>\n\t\t\t\t\t<\/a>\n\t\t\t\t<\/div>\n\t\t\t\t\t\t\t\t<\/div>\n\t\t\t\t<\/div>\n\t\t\t\t\t<\/div>\n\t\t<\/div>\n\t\t\t\t\t<\/div>\n\t\t<\/section>\n\t\t\t\t<section class=\"elementor-section elementor-top-section elementor-element elementor-element-be4aa13 elementor-section-boxed elementor-section-height-default elementor-section-height-default\" data-id=\"be4aa13\" data-element_type=\"section\" data-e-type=\"section\">\n\t\t\t\t\t\t<div class=\"elementor-container elementor-column-gap-default\">\n\t\t\t\t\t<div class=\"elementor-column elementor-col-50 elementor-top-column elementor-element elementor-element-5374279\" data-id=\"5374279\" data-element_type=\"column\" data-e-type=\"column\">\n\t\t\t<div class=\"elementor-widget-wrap elementor-element-populated\">\n\t\t\t\t\t\t<div class=\"elementor-element elementor-element-cb768d8 elementor-widget elementor-widget-image\" data-id=\"cb768d8\" data-element_type=\"widget\" data-e-type=\"widget\" data-widget_type=\"image.default\">\n\t\t\t\t<div class=\"elementor-widget-container\">\n\t\t\t\t\t\t\t\t\t\t\t\t\t\t\t<img decoding=\"async\" width=\"768\" height=\"1024\" src=\"https:\/\/alexsoler.net\/wp-content\/uploads\/2022\/10\/Fotos-Pro-3-768x1024.png\" class=\"attachment-large size-large wp-image-2595\" alt=\"\" srcset=\"https:\/\/alexsoler.net\/wp-content\/uploads\/2022\/10\/Fotos-Pro-3-768x1024.png 768w, https:\/\/alexsoler.net\/wp-content\/uploads\/2022\/10\/Fotos-Pro-3-225x300.png 225w, https:\/\/alexsoler.net\/wp-content\/uploads\/2022\/10\/Fotos-Pro-3-1152x1536.png 1152w, https:\/\/alexsoler.net\/wp-content\/uploads\/2022\/10\/Fotos-Pro-3-9x12.png 9w, https:\/\/alexsoler.net\/wp-content\/uploads\/2022\/10\/Fotos-Pro-3.png 1500w\" sizes=\"(max-width: 768px) 100vw, 768px\" \/>\t\t\t\t\t\t\t\t\t\t\t\t\t\t\t<\/div>\n\t\t\t\t<\/div>\n\t\t\t\t\t<\/div>\n\t\t<\/div>\n\t\t\t\t<div class=\"elementor-column elementor-col-50 elementor-top-column elementor-element elementor-element-166ff5c\" data-id=\"166ff5c\" data-element_type=\"column\" data-e-type=\"column\">\n\t\t\t<div class=\"elementor-widget-wrap elementor-element-populated\">\n\t\t\t\t\t\t<div class=\"elementor-element elementor-element-e08482a elementor-widget elementor-widget-heading\" data-id=\"e08482a\" data-element_type=\"widget\" data-e-type=\"widget\" data-widget_type=\"heading.default\">\n\t\t\t\t<div class=\"elementor-widget-container\">\n\t\t\t\t\t<h4 class=\"elementor-heading-title elementor-size-default\">Vols comprar?<\/h4>\t\t\t\t<\/div>\n\t\t\t\t<\/div>\n\t\t\t\t<div class=\"elementor-element elementor-element-4872d17 elementor-widget elementor-widget-text-editor\" data-id=\"4872d17\" data-element_type=\"widget\" data-e-type=\"widget\" data-widget_type=\"text-editor.default\">\n\t\t\t\t<div class=\"elementor-widget-container\">\n\t\t\t\t\t\t\t\t\t<p>Si vols comprar un immoble tens dues opcions: cercar pel teu compte o encarregar-li a alg\u00fa que ho faci tot per tu. D'aqu\u00ed neix la figura del Personal Shopper Immobiliari. Una figura que respon a la necessitat de comprar un immoble de manera c\u00f2moda i segura.<\/p><p><i>Estic pagant de m\u00e9s? Hi ha vicis ocults? Est\u00e0 tota la documentaci\u00f3 en regla?\u00a0<\/i><i style=\"background-color: var(--ast-global-color-5);\">Estic passant quelcom per alt?<\/i><\/p>\t\t\t\t\t\t\t\t<\/div>\n\t\t\t\t<\/div>\n\t\t\t\t<div class=\"elementor-element elementor-element-90db487 elementor-widget elementor-widget-button\" data-id=\"90db487\" data-element_type=\"widget\" data-e-type=\"widget\" data-widget_type=\"button.default\">\n\t\t\t\t<div class=\"elementor-widget-container\">\n\t\t\t\t\t\t\t\t\t<div class=\"elementor-button-wrapper\">\n\t\t\t\t\t<a class=\"elementor-button elementor-button-link elementor-size-sm\" href=\"\/ca\/contact\/\">\n\t\t\t\t\t\t<span class=\"elementor-button-content-wrapper\">\n\t\t\t\t\t\t\t\t\t<span class=\"elementor-button-text\">Apr\u00e8n M\u00e9s<\/span>\n\t\t\t\t\t<\/span>\n\t\t\t\t\t<\/a>\n\t\t\t\t<\/div>\n\t\t\t\t\t\t\t\t<\/div>\n\t\t\t\t<\/div>\n\t\t\t\t\t<\/div>\n\t\t<\/div>\n\t\t\t\t\t<\/div>\n\t\t<\/section>\n\t\t\t\t<section class=\"elementor-section elementor-top-section elementor-element elementor-element-ddf3b1b elementor-section-boxed elementor-section-height-default elementor-section-height-default\" data-id=\"ddf3b1b\" data-element_type=\"section\" data-e-type=\"section\">\n\t\t\t\t\t\t<div class=\"elementor-container elementor-column-gap-default\">\n\t\t\t\t\t<div class=\"elementor-column elementor-col-50 elementor-top-column elementor-element elementor-element-c062960\" data-id=\"c062960\" data-element_type=\"column\" data-e-type=\"column\">\n\t\t\t<div class=\"elementor-widget-wrap elementor-element-populated\">\n\t\t\t\t\t\t<div class=\"elementor-element elementor-element-3bc4184 elementor-widget elementor-widget-image\" data-id=\"3bc4184\" data-element_type=\"widget\" data-e-type=\"widget\" data-widget_type=\"image.default\">\n\t\t\t\t<div class=\"elementor-widget-container\">\n\t\t\t\t\t\t\t\t\t\t\t\t\t\t\t<img decoding=\"async\" src=\"http:\/\/alexsoler.net\/wp-content\/uploads\/2021\/12\/service-1.jpg\" title=\"\" alt=\"\" loading=\"lazy\" \/>\t\t\t\t\t\t\t\t\t\t\t\t\t\t\t<\/div>\n\t\t\t\t<\/div>\n\t\t\t\t<div class=\"elementor-element elementor-element-0897d04 elementor-widget elementor-widget-image\" data-id=\"0897d04\" data-element_type=\"widget\" data-e-type=\"widget\" data-widget_type=\"image.default\">\n\t\t\t\t<div class=\"elementor-widget-container\">\n\t\t\t\t\t\t\t\t\t\t\t\t\t\t\t<img loading=\"lazy\" decoding=\"async\" width=\"768\" height=\"1024\" src=\"https:\/\/alexsoler.net\/wp-content\/uploads\/2023\/03\/Fotos-Pro-5-e1680000757137-768x1024.png\" class=\"attachment-large size-large wp-image-2645\" alt=\"\" srcset=\"https:\/\/alexsoler.net\/wp-content\/uploads\/2023\/03\/Fotos-Pro-5-e1680000757137-768x1024.png 768w, https:\/\/alexsoler.net\/wp-content\/uploads\/2023\/03\/Fotos-Pro-5-e1680000757137-225x300.png 225w, https:\/\/alexsoler.net\/wp-content\/uploads\/2023\/03\/Fotos-Pro-5-e1680000757137-1152x1536.png 1152w, https:\/\/alexsoler.net\/wp-content\/uploads\/2023\/03\/Fotos-Pro-5-e1680000757137-9x12.png 9w, https:\/\/alexsoler.net\/wp-content\/uploads\/2023\/03\/Fotos-Pro-5-e1680000757137.png 1500w\" sizes=\"(max-width: 768px) 100vw, 768px\" \/>\t\t\t\t\t\t\t\t\t\t\t\t\t\t\t<\/div>\n\t\t\t\t<\/div>\n\t\t\t\t\t<\/div>\n\t\t<\/div>\n\t\t\t\t<div class=\"elementor-column elementor-col-50 elementor-top-column elementor-element elementor-element-f427021\" data-id=\"f427021\" data-element_type=\"column\" data-e-type=\"column\">\n\t\t\t<div class=\"elementor-widget-wrap elementor-element-populated\">\n\t\t\t\t\t\t<div class=\"elementor-element elementor-element-80ceba9 elementor-widget elementor-widget-heading\" data-id=\"80ceba9\" data-element_type=\"widget\" data-e-type=\"widget\" data-widget_type=\"heading.default\">\n\t\t\t\t<div class=\"elementor-widget-container\">\n\t\t\t\t\t<h4 class=\"elementor-heading-title elementor-size-default\">Vols invertir en immobles?<\/h4>\t\t\t\t<\/div>\n\t\t\t\t<\/div>\n\t\t\t\t<div class=\"elementor-element elementor-element-4540d66 elementor-widget elementor-widget-text-editor\" data-id=\"4540d66\" data-element_type=\"widget\" data-e-type=\"widget\" data-widget_type=\"text-editor.default\">\n\t\t\t\t<div class=\"elementor-widget-container\">\n\t\t\t\t\t\t\t\t\t<p>Invertir en immobles \u00e9s una decisi\u00f3 molt important on poses en joc una gran part del teu capital. Per aix\u00f2, \u00e9s cr\u00edtic estar ben assessorat i acompanyat al llarg de tota l'operaci\u00f3. Des de la definici\u00f3 de la teva estrat\u00e8gia d'inversi\u00f3, la recerca d'oportunitats, el c\u00e0lcul de la rendibilitat o la prevenci\u00f3 de riscos (vicis ocults, okupes...) fins a la culminaci\u00f3 de la inversi\u00f3 amb la venda o el lloguer d'aquesta.<\/p><p>\u00a0<\/p><p><i>Quina inversi\u00f3 em conv\u00e9 m\u00e9s? En quines zones hauria d'invertir? \u00c9s una bona inversi\u00f3?\u00a0<\/i><\/p>\t\t\t\t\t\t\t\t<\/div>\n\t\t\t\t<\/div>\n\t\t\t\t<div class=\"elementor-element elementor-element-060a4d8 elementor-widget elementor-widget-button\" data-id=\"060a4d8\" data-element_type=\"widget\" data-e-type=\"widget\" data-widget_type=\"button.default\">\n\t\t\t\t<div class=\"elementor-widget-container\">\n\t\t\t\t\t\t\t\t\t<div class=\"elementor-button-wrapper\">\n\t\t\t\t\t<a class=\"elementor-button elementor-button-link elementor-size-sm\" href=\"\/ca\/invertir\/\">\n\t\t\t\t\t\t<span class=\"elementor-button-content-wrapper\">\n\t\t\t\t\t\t\t\t\t<span class=\"elementor-button-text\">Apr\u00e8n M\u00e9s<\/span>\n\t\t\t\t\t<\/span>\n\t\t\t\t\t<\/a>\n\t\t\t\t<\/div>\n\t\t\t\t\t\t\t\t<\/div>\n\t\t\t\t<\/div>\n\t\t\t\t\t<\/div>\n\t\t<\/div>\n\t\t\t\t\t<\/div>\n\t\t<\/section>\n\t\t\t\t<section class=\"elementor-section elementor-top-section elementor-element elementor-element-872cd6a elementor-section-boxed elementor-section-height-default elementor-section-height-default\" data-id=\"872cd6a\" data-element_type=\"section\" data-e-type=\"section\" data-settings=\"{&quot;background_background&quot;:&quot;classic&quot;}\">\n\t\t\t\t\t\t\t<div class=\"elementor-background-overlay\"><\/div>\n\t\t\t\t\t\t\t<div class=\"elementor-container elementor-column-gap-default\">\n\t\t\t\t\t<div class=\"elementor-column elementor-col-50 elementor-top-column elementor-element elementor-element-7034a2c\" data-id=\"7034a2c\" data-element_type=\"column\" data-e-type=\"column\" data-settings=\"{&quot;background_background&quot;:&quot;classic&quot;}\">\n\t\t\t<div class=\"elementor-widget-wrap elementor-element-populated\">\n\t\t\t\t\t\t<div class=\"elementor-element elementor-element-848e50e elementor-widget elementor-widget-heading\" data-id=\"848e50e\" data-element_type=\"widget\" data-e-type=\"widget\" data-widget_type=\"heading.default\">\n\t\t\t\t<div class=\"elementor-widget-container\">\n\t\t\t\t\t<h2 class=\"elementor-heading-title elementor-size-default\">PARLEM?<\/h2>\t\t\t\t<\/div>\n\t\t\t\t<\/div>\n\t\t\t\t<div class=\"elementor-element elementor-element-e7bd0e2 elementor-widget elementor-widget-text-editor\" data-id=\"e7bd0e2\" data-element_type=\"widget\" data-e-type=\"widget\" data-widget_type=\"text-editor.default\">\n\t\t\t\t<div class=\"elementor-widget-container\">\n\t\t\t\t\t\t\t\t\t<p><em>Estic comprom\u00e8s amb el nivell m\u00e9s alt d'experi\u00e8ncia, coneixement i servei. Les teves consultes sobre el mercat immobiliari s\u00f3n importants per a mi, aix\u00ed que espera una resposta tan r\u00e0pida com sigui possible.<\/em><\/p>\t\t\t\t\t\t\t\t<\/div>\n\t\t\t\t<\/div>\n\t\t\t\t<div class=\"elementor-element elementor-element-ad05cf9 elementor-align-center elementor-widget elementor-widget-button\" data-id=\"ad05cf9\" data-element_type=\"widget\" data-e-type=\"widget\" data-widget_type=\"button.default\">\n\t\t\t\t<div class=\"elementor-widget-container\">\n\t\t\t\t\t\t\t\t\t<div class=\"elementor-button-wrapper\">\n\t\t\t\t\t<a class=\"elementor-button elementor-button-link elementor-size-sm\" href=\"https:\/\/alexsoler.net\/ca\/contacto\/\">\n\t\t\t\t\t\t<span class=\"elementor-button-content-wrapper\">\n\t\t\t\t\t\t\t\t\t<span class=\"elementor-button-text\">CONTACTA AMB MI<\/span>\n\t\t\t\t\t<\/span>\n\t\t\t\t\t<\/a>\n\t\t\t\t<\/div>\n\t\t\t\t\t\t\t\t<\/div>\n\t\t\t\t<\/div>\n\t\t\t\t\t<\/div>\n\t\t<\/div>\n\t\t\t\t<div class=\"elementor-column elementor-col-50 elementor-top-column elementor-element elementor-element-3e9708e\" data-id=\"3e9708e\" data-element_type=\"column\" data-e-type=\"column\" data-settings=\"{&quot;background_background&quot;:&quot;slideshow&quot;,&quot;background_slideshow_gallery&quot;:[],&quot;background_slideshow_loop&quot;:&quot;yes&quot;,&quot;background_slideshow_slide_duration&quot;:5000,&quot;background_slideshow_slide_transition&quot;:&quot;fade&quot;,&quot;background_slideshow_transition_duration&quot;:500}\">\n\t\t\t<div class=\"elementor-widget-wrap elementor-element-populated\">\n\t\t\t\t\t\t<div class=\"elementor-element elementor-element-72734fc elementor-widget elementor-widget-heading\" data-id=\"72734fc\" data-element_type=\"widget\" data-e-type=\"widget\" data-widget_type=\"heading.default\">\n\t\t\t\t<div class=\"elementor-widget-container\">\n\t\t\t\t\t<h2 class=\"elementor-heading-title elementor-size-default\">INFORME IMMOBILIARI MENSUAL<\/h2>\t\t\t\t<\/div>\n\t\t\t\t<\/div>\n\t\t\t\t<div class=\"elementor-element elementor-element-1e4bb4a elementor-widget elementor-widget-text-editor\" data-id=\"1e4bb4a\" data-element_type=\"widget\" data-e-type=\"widget\" data-widget_type=\"text-editor.default\">\n\t\t\t\t<div class=\"elementor-widget-container\">\n\t\t\t\t\t\t\t\t\t<p><i>Per rebre not\u00edcies exclusives i actualitzacions del mercat, subscriu-te al nostre informe immobiliari mensual.<\/i><\/p>\t\t\t\t\t\t\t\t<\/div>\n\t\t\t\t<\/div>\n\t\t\t\t<div class=\"elementor-element elementor-element-7d68702 elementor-align-center elementor-widget elementor-widget-button\" data-id=\"7d68702\" data-element_type=\"widget\" data-e-type=\"widget\" data-widget_type=\"button.default\">\n\t\t\t\t<div class=\"elementor-widget-container\">\n\t\t\t\t\t\t\t\t\t<div class=\"elementor-button-wrapper\">\n\t\t\t\t\t<a class=\"elementor-button elementor-button-link elementor-size-sm\" href=\"https:\/\/alexsoler.net\/ca\/informe\/\">\n\t\t\t\t\t\t<span class=\"elementor-button-content-wrapper\">\n\t\t\t\t\t\t\t\t\t<span class=\"elementor-button-text\">SUBSCRIU-TE<\/span>\n\t\t\t\t\t<\/span>\n\t\t\t\t\t<\/a>\n\t\t\t\t<\/div>\n\t\t\t\t\t\t\t\t<\/div>\n\t\t\t\t<\/div>\n\t\t\t\t\t<\/div>\n\t\t<\/div>\n\t\t\t\t\t<\/div>\n\t\t<\/section>\n\t\t\t\t<\/div>","protected":false},"excerpt":{"rendered":"<p>Servicios \u00bfQuieres vender? \u201cC\u00f3mo vender mi piso\u201d es una de las preguntas que m\u00e1s nos puede agobiar en un momento dado. Vender una vivienda al\u00a0mejor precio posible, en el\u00a0menor tiempo posible\u00a0y con\u00a0total seguridad y garant\u00edas, requiere orquestar muy bien una serie de acciones online y offline desde el principio y hasta el final del proceso. &hellip;<\/p>\n<p class=\"read-more\"> <a class=\"\" href=\"https:\/\/alexsoler.net\/ca\/servicios\/\"> <span class=\"screen-reader-text\">Serveis<\/span> Llegeix m\u00e9s &raquo;<\/a><\/p>","protected":false},"author":1,"featured_media":0,"parent":0,"menu_order":0,"comment_status":"closed","ping_status":"closed","template":"","meta":{"site-sidebar-layout":"no-sidebar","site-content-layout":"page-builder","ast-main-header-display":"","ast-hfb-above-header-display":"","ast-hfb-below-header-display":"","ast-hfb-mobile-header-display":"","site-post-title":"disabled","ast-breadcrumbs-content":"","ast-featured-img":"disabled","footer-sml-layout":"","theme-transparent-header-meta":"enabled","adv-header-id-meta":"","stick-header-meta":"","header-above-stick-meta":"","header-main-stick-meta":"","header-below-stick-meta":"","footnotes":""},"class_list":["post-15","page","type-page","status-publish","hentry"],"_links":{"self":[{"href":"https:\/\/alexsoler.net\/ca\/wp-json\/wp\/v2\/pages\/15","targetHints":{"allow":["GET"]}}],"collection":[{"href":"https:\/\/alexsoler.net\/ca\/wp-json\/wp\/v2\/pages"}],"about":[{"href":"https:\/\/alexsoler.net\/ca\/wp-json\/wp\/v2\/types\/page"}],"author":[{"embeddable":true,"href":"https:\/\/alexsoler.net\/ca\/wp-json\/wp\/v2\/users\/1"}],"replies":[{"embeddable":true,"href":"https:\/\/alexsoler.net\/ca\/wp-json\/wp\/v2\/comments?post=15"}],"version-history":[{"count":51,"href":"https:\/\/alexsoler.net\/ca\/wp-json\/wp\/v2\/pages\/15\/revisions"}],"predecessor-version":[{"id":2830,"href":"https:\/\/alexsoler.net\/ca\/wp-json\/wp\/v2\/pages\/15\/revisions\/2830"}],"wp:attachment":[{"href":"https:\/\/alexsoler.net\/ca\/wp-json\/wp\/v2\/media?parent=15"}],"curies":[{"name":"wp","href":"https:\/\/api.w.org\/{rel}","templated":true}]}}